{"id":506,"date":"2023-12-09T23:56:24","date_gmt":"2023-12-09T22:56:24","guid":{"rendered":"https:\/\/www.dpsg-schwabachgrund.de\/?page_id=506"},"modified":"2024-11-15T20:39:59","modified_gmt":"2024-11-15T19:39:59","slug":"bezirksarbeit","status":"publish","type":"page","link":"https:\/\/www.dpsg-schwabachgrund.de\/?page_id=506","title":{"rendered":"Bezirksarbeit"},"content":{"rendered":"\n<h2 class=\"wp-block-heading\">Das Vorstandsteam<\/h2>\n\n\n\n<p class=\"has-text-align-left\">Unser Bezirksvorstand ist ein sechsk\u00f6pfiges Team bestehend aus zwei Bezirksvorsitzenden und einer Kuratin sowie drei Bezirksreferenten.<\/p>\n\n\n\n<p>Zum einen vertritt der Bezirksvorstand den Bezirk di\u00f6zesanweit sowohl auf der Di\u00f6zesanversammlung als auch in regelm\u00e4\u00dfigen Treffen mit den anderen Bezirksvorst\u00e4nden und den Di\u00f6zesanvorst\u00e4nden (kurz: BV-DV-Treffen). Au\u00dferdem ist es dem Bezirksvorstand ein Anliegen, den st\u00e4ndigen Austausch mit den St\u00e4mmen zu pflegen. Daf\u00fcr finden \u00fcber das Jahr hinweg regelm\u00e4\u00dfig Treffen aller Stammesvorst\u00e4nde statt.\u00a0Einmal im Jahr l\u00e4dt der Bezirksvorstand zudem zur Bezirksversammlung ein, zu der nicht nur die Stammesvorst\u00e4nde, sondern auch die Stufen in Form der Bezirksstufenreferenten und entsprechend Delegierte eingeladen werden.\u00a0<\/p>\n\n\n\n<figure class=\"wp-block-gallery has-nested-images columns-default is-cropped wp-block-gallery-1 is-layout-flex wp-block-gallery-is-layout-flex\"><\/figure>\n\n\n<h2 class=\"wp-block-heading\">Die Bezirksstufenleitung<\/h2>\n<p>Alle vier Stufen der DSPG werden durch je zwei Referenten (alternativ ein Referent und ein Kurat) im Bezirk vertreten. Sie sind an der Bezirksversammlung stimmberechtigt und an der Stufenkonferenz auf Di\u00f6zesanebene. Damit stellen sie sicher, dass die Interessen ihrer Stufe aus dem Bezirk auch auf den h\u00f6heren Ebenen Beachtung finden.<\/p>\n<p>Einmal im Jahr halten die Referenten die Stufenkonferenz ab, auf der je ein Leiter aus jedem Stamm stimmberechtigt ist. Hier werden die Referenten am Ende ihrer dreij\u00e4hrigen Amtszeit auch wieder von den Stufenleitern neu gew\u00e4hlt. Neben Austausch bietet sich hier auch die Gelegenheit, Planungen f\u00fcr das n\u00e4chste Jahr anzustellen.\u00a0<\/p>\n<p>Entsprechend der Altersstufe planen die Referenten bezirksweite Aktionen, sowohl f\u00fcr Kinder und Jugendliche als auch f\u00fcr alle Leiter ihrer Stufe.\u00a0<\/p>\n<p>Neben den Stufenreferenten gibt es noch die Stufenarbeitskreise, die die Stufenreferenten bei Planungen und Durchf\u00fchrung von Aktionen tatkr\u00e4ftig unterst\u00fctzt.\u00a0<\/p>\n<h2 class=\"wp-block-heading\">Die Bezirksleitung<\/h2>\n<p>Die Bezirksleitung besteht &#8211; neben dem Bezirksvorstandteam &#8211; aus den Stufenreferenten und auch den Stufenbezirksarbeitskreisen. Gemeinsam vertreten sie die Interessen des Bezirks beim j\u00e4hrlichen Bezirksleitungs-Di\u00f6zesansleitungstreffen (kurz: BL\/DL-Treffen).<\/p>\n<h2 class=\"wp-block-heading\">Die St\u00e4mme<\/h2>\n<p>Es bleibt jedoch dabei. Ein Bezirk ist nur ein Bezirk, wenn es gro\u00dfartige\u00a0engagierte\u00a0St\u00e4mme gibt. Wir als Bezirk Schwabachgrund haben <strong>sieben<\/strong> wundervolle St\u00e4mme, die das Pfadfindersein jede Woche in den Gruppenstunde leben und an die Kinder und Jugendlichen weitergeben.\u00a0<\/p>\n<p>Jeder Beteiligte f\u00f6rdert und tr\u00e4gt dazu bei, dass wir ein gro\u00dfes Ganzes werden und als Bezirk Schwabachgrund ein Teil der Pfadfinderbewegung ganz im Sinne der DPSG sind\u00a0und bleiben.\u00a0<\/p>\n<p>Eine \u00dcbersicht aller St\u00e4mme findest Du <a href=\"https:\/\/www.dpsg-schwabachgrund.de\/\">hier<\/a>.<\/p>","protected":false},"excerpt":{"rendered":"<p>Das Vorstandsteam Unser Bezirksvorstand ist ein sechsk\u00f6pfiges Team bestehend aus zwei Bezirksvorsitzenden und einer Kuratin sowie drei Bezirksreferenten. Zum einen vertritt der Bezirksvorstand den Bezirk di\u00f6zesanweit sowohl auf der Di\u00f6zesanversammlung als auch in regelm\u00e4\u00dfigen Treffen mit den anderen Bezirksvorst\u00e4nden und den Di\u00f6zesanvorst\u00e4nden (kurz: BV-DV-Treffen). Au\u00dferdem ist es dem Bezirksvorstand ein Anliegen, den st\u00e4ndigen Austausch mit den St\u00e4mmen zu pflegen. Daf\u00fcr finden \u00fcber das Jahr hinweg regelm\u00e4\u00dfig Treffen aller Stammesvorst\u00e4nde statt.\u00a0Einmal im Jahr l\u00e4dt der Bezirksvorstand zudem zur Bezirksversammlung ein, zu&#8230;<\/p>\n<p class=\"read-more\"><a class=\"btn btn-default\" href=\"https:\/\/www.dpsg-schwabachgrund.de\/?page_id=506\">Weiterlesen<span class=\"screen-reader-text\"> Weiterlesen<\/span><\/a><\/p>\n","protected":false},"author":9,"featured_media":0,"parent":0,"menu_order":0,"comment_status":"closed","ping_status":"closed","template":"","meta":{"footnotes":""},"class_list":["post-506","page","type-page","status-publish","hentry"],"_links":{"self":[{"href":"https:\/\/www.dpsg-schwabachgrund.de\/index.php?rest_route=\/wp\/v2\/pages\/506","targetHints":{"allow":["GET"]}}],"collection":[{"href":"https:\/\/www.dpsg-schwabachgrund.de\/index.php?rest_route=\/wp\/v2\/pages"}],"about":[{"href":"https:\/\/www.dpsg-schwabachgrund.de\/index.php?rest_route=\/wp\/v2\/types\/page"}],"author":[{"embeddable":true,"href":"https:\/\/www.dpsg-schwabachgrund.de\/index.php?rest_route=\/wp\/v2\/users\/9"}],"replies":[{"embeddable":true,"href":"https:\/\/www.dpsg-schwabachgrund.de\/index.php?rest_route=%2Fwp%2Fv2%2Fcomments&post=506"}],"version-history":[{"count":9,"href":"https:\/\/www.dpsg-schwabachgrund.de\/index.php?rest_route=\/wp\/v2\/pages\/506\/revisions"}],"predecessor-version":[{"id":998,"href":"https:\/\/www.dpsg-schwabachgrund.de\/index.php?rest_route=\/wp\/v2\/pages\/506\/revisions\/998"}],"wp:attachment":[{"href":"https:\/\/www.dpsg-schwabachgrund.de\/index.php?rest_route=%2Fwp%2Fv2%2Fmedia&parent=506"}],"curies":[{"name":"wp","href":"https:\/\/api.w.org\/{rel}","templated":true}]}}