{"id":366,"date":"2022-08-10T11:07:44","date_gmt":"2022-08-10T09:07:44","guid":{"rendered":"https:\/\/www.dpsg-schwabachgrund.de\/?page_id=366"},"modified":"2024-03-10T19:47:11","modified_gmt":"2024-03-10T18:47:11","slug":"schreib-uns","status":"publish","type":"page","link":"https:\/\/www.dpsg-schwabachgrund.de\/?page_id=366","title":{"rendered":"Schreib uns!"},"content":{"rendered":"\n<p>Du bist auf der Suche nach einem neuen Pfafinderstamm in einer neuen Stadt? Du hast Interesse daran bei den Pfadfindern einzusteigen? Du m\u00f6chtest mehr \u00fcber unsere T\u00e4tigkeit und Organisation wissen? <\/p>\n\n\n\n<p>Schreib uns doch einfach Dein Anliegen und wir werden Dir zeitnah antworten! <\/p>\n\n\n<div class=\"wpforms-container wpforms-container-full wpforms-block wpforms-block-bfddbcbf-3181-4311-b0a1-fe7b5193f3df\" id=\"wpforms-373\"><form id=\"wpforms-form-373\" class=\"wpforms-validate wpforms-form wpforms-ajax-form\" data-formid=\"373\" method=\"post\" enctype=\"multipart\/form-data\" action=\"\/index.php?rest_route=%2Fwp%2Fv2%2Fpages%2F366\" data-token=\"daf61856ba182463eb145711308fbc72\" data-token-time=\"1777505618\"><noscript class=\"wpforms-error-noscript\">Bitte aktiviere JavaScript in deinem Browser, um dieses Formular fertigzustellen.<\/noscript><div class=\"wpforms-field-container\"><div id=\"wpforms-373-field_3-container\" class=\"wpforms-field wpforms-field-text\" data-field-id=\"3\"><label class=\"wpforms-field-label\" for=\"wpforms-373-field_3\">Name<\/label><input type=\"text\" id=\"wpforms-373-field_3\" class=\"wpforms-field-medium\" name=\"wpforms[fields][3]\" ><\/div><div id=\"wpforms-373-field_1-container\" class=\"wpforms-field wpforms-field-email\" data-field-id=\"1\"><label class=\"wpforms-field-label\" for=\"wpforms-373-field_1\">E-Mail <span class=\"wpforms-required-label\">*<\/span><\/label><input type=\"email\" id=\"wpforms-373-field_1\" class=\"wpforms-field-medium wpforms-field-required\" name=\"wpforms[fields][1]\" spellcheck=\"false\" required><\/div><div id=\"wpforms-373-field_2-container\" class=\"wpforms-field wpforms-field-textarea\" data-field-id=\"2\"><label class=\"wpforms-field-label\" for=\"wpforms-373-field_2\">Deine Nachricht an uns <span class=\"wpforms-required-label\">*<\/span><\/label><textarea id=\"wpforms-373-field_2\" class=\"wpforms-field-medium wpforms-field-required\" name=\"wpforms[fields][2]\" required><\/textarea><\/div><\/div><!-- .wpforms-field-container --><div class=\"wpforms-submit-container\" ><input type=\"hidden\" name=\"wpforms[id]\" value=\"373\"><input type=\"hidden\" name=\"page_title\" value=\"\"><input type=\"hidden\" name=\"page_url\" value=\"https:\/\/www.dpsg-schwabachgrund.de\/index.php?rest_route=\/wp\/v2\/pages\/366\"><input type=\"hidden\" name=\"url_referer\" value=\"\"><button type=\"submit\" name=\"wpforms[submit]\" id=\"wpforms-submit-373\" class=\"wpforms-submit\" data-alt-text=\"Senden\u2026\" data-submit-text=\"Absenden\" aria-live=\"assertive\" value=\"wpforms-submit\">Absenden<\/button><img loading=\"lazy\" decoding=\"async\" src=\"https:\/\/www.dpsg-schwabachgrund.de\/wp-content\/plugins\/wpforms-lite\/assets\/images\/submit-spin.svg\" class=\"wpforms-submit-spinner\" style=\"display: none;\" width=\"26\" height=\"26\" alt=\"Wird geladen\"><\/div><\/form><\/div>  <!-- .wpforms-container -->","protected":false},"excerpt":{"rendered":"<p>Du bist auf der Suche nach einem neuen Pfafinderstamm in einer neuen Stadt? Du hast Interesse daran bei den Pfadfindern einzusteigen? Du m\u00f6chtest mehr \u00fcber unsere T\u00e4tigkeit und Organisation wissen? Schreib uns doch einfach Dein Anliegen und wir werden Dir zeitnah antworten!<\/p>\n","protected":false},"author":1,"featured_media":0,"parent":0,"menu_order":0,"comment_status":"closed","ping_status":"closed","template":"","meta":{"footnotes":""},"class_list":["post-366","page","type-page","status-publish","hentry"],"_links":{"self":[{"href":"https:\/\/www.dpsg-schwabachgrund.de\/index.php?rest_route=\/wp\/v2\/pages\/366","targetHints":{"allow":["GET"]}}],"collection":[{"href":"https:\/\/www.dpsg-schwabachgrund.de\/index.php?rest_route=\/wp\/v2\/pages"}],"about":[{"href":"https:\/\/www.dpsg-schwabachgrund.de\/index.php?rest_route=\/wp\/v2\/types\/page"}],"author":[{"embeddable":true,"href":"https:\/\/www.dpsg-schwabachgrund.de\/index.php?rest_route=\/wp\/v2\/users\/1"}],"replies":[{"embeddable":true,"href":"https:\/\/www.dpsg-schwabachgrund.de\/index.php?rest_route=%2Fwp%2Fv2%2Fcomments&post=366"}],"version-history":[{"count":8,"href":"https:\/\/www.dpsg-schwabachgrund.de\/index.php?rest_route=\/wp\/v2\/pages\/366\/revisions"}],"predecessor-version":[{"id":1051,"href":"https:\/\/www.dpsg-schwabachgrund.de\/index.php?rest_route=\/wp\/v2\/pages\/366\/revisions\/1051"}],"wp:attachment":[{"href":"https:\/\/www.dpsg-schwabachgrund.de\/index.php?rest_route=%2Fwp%2Fv2%2Fmedia&parent=366"}],"curies":[{"name":"wp","href":"https:\/\/api.w.org\/{rel}","templated":true}]}}